{"id":88,"date":"2018-07-21T13:22:39","date_gmt":"2018-07-21T10:22:39","guid":{"rendered":"http:\/\/www.ikame.org.tr\/test\/?page_id=88"},"modified":"2018-07-24T17:28:58","modified_gmt":"2018-07-24T14:28:58","slug":"sosyal-etkinlikler","status":"publish","type":"page","link":"https:\/\/www.ikame.org.tr\/?page_id=88","title":{"rendered":"Sosyal Etkinlikler"},"content":{"rendered":"<p>\u00d6\u011frencilerin derslerinin olmad\u0131\u011f\u0131 hafta sonu ve tatil d\u00f6nemlerinde\u00a0\u0130KAME\u2019de iftar, kahvalt\u0131 gibi \u00e7e\u015fitli programlar d\u00fczenlenmekte, \u0130stanbul\u2019un tarihi ve K\u00fclt\u00fcrel mekanlar\u0131, \u0130stanbul\u2019daki alim ve d\u00fc\u015f\u00fcn\u00fcrler\u00a0ziyaret edilmektedir.<\/p>\n<p>Uygun mevsimlerde \u0130stanbul\u2019a yak\u0131n \u015fehirlerdeki tarihi ve k\u00fclt\u00fcrel mekanlara seyahatler yap\u0131lmaktad\u0131r.<\/p>\n<p>\u0130mkanlar\u00a0\u00f6l\u00e7\u00fcs\u00fcnde \u0130KAME seminerlerini takip eden b\u00fct\u00fcn \u00f6\u011frencilerin Fak\u00fcltelerinden mezun olmadan \u00f6nce bir kez\u00a0Umre ziyaretinde bulunmas\u0131 i\u00e7in gerekli \u00e7al\u0131\u015fmalar yap\u0131lmaktad\u0131r.<\/p>\n<p>&nbsp;<\/p>\n","protected":false},"excerpt":{"rendered":"<p>\u00d6\u011frencilerin derslerinin olmad\u0131\u011f\u0131 hafta sonu ve tatil d\u00f6nemlerinde\u00a0\u0130KAME\u2019de iftar, kahvalt\u0131 gibi \u00e7e\u015fitli programlar d\u00fczenlenmekte, \u0130stanbul\u2019un tarihi ve K\u00fclt\u00fcrel mekanlar\u0131, \u0130stanbul\u2019daki<\/p>\n","protected":false},"author":1,"featured_media":185,"parent":0,"menu_order":0,"comment_status":"closed","ping_status":"closed","template":"","meta":{"footnotes":""},"class_list":["post-88","page","type-page","status-publish","has-post-thumbnail","hentry"],"_links":{"self":[{"href":"https:\/\/www.ikame.org.tr\/index.php?rest_route=\/wp\/v2\/pages\/88","targetHints":{"allow":["GET"]}}],"collection":[{"href":"https:\/\/www.ikame.org.tr\/index.php?rest_route=\/wp\/v2\/pages"}],"about":[{"href":"https:\/\/www.ikame.org.tr\/index.php?rest_route=\/wp\/v2\/types\/page"}],"author":[{"embeddable":true,"href":"https:\/\/www.ikame.org.tr\/index.php?rest_route=\/wp\/v2\/users\/1"}],"replies":[{"embeddable":true,"href":"https:\/\/www.ikame.org.tr\/index.php?rest_route=%2Fwp%2Fv2%2Fcomments&post=88"}],"version-history":[{"count":5,"href":"https:\/\/www.ikame.org.tr\/index.php?rest_route=\/wp\/v2\/pages\/88\/revisions"}],"predecessor-version":[{"id":273,"href":"https:\/\/www.ikame.org.tr\/index.php?rest_route=\/wp\/v2\/pages\/88\/revisions\/273"}],"wp:featuredmedia":[{"embeddable":true,"href":"https:\/\/www.ikame.org.tr\/index.php?rest_route=\/wp\/v2\/media\/185"}],"wp:attachment":[{"href":"https:\/\/www.ikame.org.tr\/index.php?rest_route=%2Fwp%2Fv2%2Fmedia&parent=88"}],"curies":[{"name":"wp","href":"https:\/\/api.w.org\/{rel}","templated":true}]}}