{"id":86,"date":"2018-07-21T13:22:29","date_gmt":"2018-07-21T10:22:29","guid":{"rendered":"http:\/\/www.ikame.org.tr\/test\/?page_id=86"},"modified":"2018-07-24T17:28:31","modified_gmt":"2018-07-24T14:28:31","slug":"konferanslar","status":"publish","type":"page","link":"https:\/\/www.ikame.org.tr\/?page_id=86","title":{"rendered":"Konferanslar"},"content":{"rendered":"<p>\u0130KAME\u2019de hafta sonlar\u0131 Alimler, Akademisyenler,\u00a0Yazarlar, D\u00fc\u015f\u00fcn\u00fcrler ve toplumda \u00f6n plana \u00e7\u0131kan\u00a0alan\u0131nda uzman ki\u015filerin kat\u0131ld\u0131\u011f\u0131\u00a0konferanslar, sunumlar ve sohbetler\u00a0d\u00fczenlenmektedir.<\/p>\n<p>Konferans takvimi netle\u015fti\u011finde buradan duyurulmaktad\u0131r.<\/p>\n","protected":false},"excerpt":{"rendered":"<p>\u0130KAME\u2019de hafta sonlar\u0131 Alimler, Akademisyenler,\u00a0Yazarlar, D\u00fc\u015f\u00fcn\u00fcrler ve toplumda \u00f6n plana \u00e7\u0131kan\u00a0alan\u0131nda uzman ki\u015filerin kat\u0131ld\u0131\u011f\u0131\u00a0konferanslar, sunumlar ve sohbetler\u00a0d\u00fczenlenmektedir. Konferans takvimi netle\u015fti\u011finde<\/p>\n","protected":false},"author":1,"featured_media":230,"parent":0,"menu_order":0,"comment_status":"closed","ping_status":"closed","template":"","meta":{"footnotes":""},"class_list":["post-86","page","type-page","status-publish","has-post-thumbnail","hentry"],"_links":{"self":[{"href":"https:\/\/www.ikame.org.tr\/index.php?rest_route=\/wp\/v2\/pages\/86","targetHints":{"allow":["GET"]}}],"collection":[{"href":"https:\/\/www.ikame.org.tr\/index.php?rest_route=\/wp\/v2\/pages"}],"about":[{"href":"https:\/\/www.ikame.org.tr\/index.php?rest_route=\/wp\/v2\/types\/page"}],"author":[{"embeddable":true,"href":"https:\/\/www.ikame.org.tr\/index.php?rest_route=\/wp\/v2\/users\/1"}],"replies":[{"embeddable":true,"href":"https:\/\/www.ikame.org.tr\/index.php?rest_route=%2Fwp%2Fv2%2Fcomments&post=86"}],"version-history":[{"count":5,"href":"https:\/\/www.ikame.org.tr\/index.php?rest_route=\/wp\/v2\/pages\/86\/revisions"}],"predecessor-version":[{"id":272,"href":"https:\/\/www.ikame.org.tr\/index.php?rest_route=\/wp\/v2\/pages\/86\/revisions\/272"}],"wp:featuredmedia":[{"embeddable":true,"href":"https:\/\/www.ikame.org.tr\/index.php?rest_route=\/wp\/v2\/media\/230"}],"wp:attachment":[{"href":"https:\/\/www.ikame.org.tr\/index.php?rest_route=%2Fwp%2Fv2%2Fmedia&parent=86"}],"curies":[{"name":"wp","href":"https:\/\/api.w.org\/{rel}","templated":true}]}}