{"id":80,"date":"2018-07-21T13:22:04","date_gmt":"2018-07-21T10:22:04","guid":{"rendered":"http:\/\/www.ikame.org.tr\/test\/?page_id=80"},"modified":"2018-07-24T17:26:59","modified_gmt":"2018-07-24T14:26:59","slug":"yurt","status":"publish","type":"page","link":"https:\/\/www.ikame.org.tr\/?page_id=80","title":{"rendered":"Yurt"},"content":{"rendered":"<p>\u015eu an itibariyle \u0130KAME\u2019nin herhangi bir yurdu yoktur.<\/p>\n<p>Fatih ve yak\u0131n \u00e7evredeki yurtlarda bar\u0131nan \u00f6\u011frenciler \u0130KAME seminerlerinden istifade edebilmektedir.<\/p>\n<p>\u0130KAME s\u0131n\u0131rl\u0131 say\u0131daki \u00f6\u011frenciye b\u00fcnyesindeki \u00fc\u00e7 dairesinde bar\u0131nma imk\u00e2n\u0131 sunmaktad\u0131r.<\/p>\n","protected":false},"excerpt":{"rendered":"<p>\u015eu an itibariyle \u0130KAME\u2019nin herhangi bir yurdu yoktur. Fatih ve yak\u0131n \u00e7evredeki yurtlarda bar\u0131nan \u00f6\u011frenciler \u0130KAME seminerlerinden istifade edebilmektedir. \u0130KAME<\/p>\n","protected":false},"author":1,"featured_media":0,"parent":0,"menu_order":0,"comment_status":"closed","ping_status":"closed","template":"","meta":{"footnotes":""},"class_list":["post-80","page","type-page","status-publish","hentry"],"_links":{"self":[{"href":"https:\/\/www.ikame.org.tr\/index.php?rest_route=\/wp\/v2\/pages\/80","targetHints":{"allow":["GET"]}}],"collection":[{"href":"https:\/\/www.ikame.org.tr\/index.php?rest_route=\/wp\/v2\/pages"}],"about":[{"href":"https:\/\/www.ikame.org.tr\/index.php?rest_route=\/wp\/v2\/types\/page"}],"author":[{"embeddable":true,"href":"https:\/\/www.ikame.org.tr\/index.php?rest_route=\/wp\/v2\/users\/1"}],"replies":[{"embeddable":true,"href":"https:\/\/www.ikame.org.tr\/index.php?rest_route=%2Fwp%2Fv2%2Fcomments&post=80"}],"version-history":[{"count":4,"href":"https:\/\/www.ikame.org.tr\/index.php?rest_route=\/wp\/v2\/pages\/80\/revisions"}],"predecessor-version":[{"id":270,"href":"https:\/\/www.ikame.org.tr\/index.php?rest_route=\/wp\/v2\/pages\/80\/revisions\/270"}],"wp:attachment":[{"href":"https:\/\/www.ikame.org.tr\/index.php?rest_route=%2Fwp%2Fv2%2Fmedia&parent=80"}],"curies":[{"name":"wp","href":"https:\/\/api.w.org\/{rel}","templated":true}]}}