{"id":78,"date":"2018-07-21T13:21:41","date_gmt":"2018-07-21T10:21:41","guid":{"rendered":"http:\/\/www.ikame.org.tr\/test\/?page_id=78"},"modified":"2018-07-27T17:05:59","modified_gmt":"2018-07-27T14:05:59","slug":"yonetim","status":"publish","type":"page","link":"https:\/\/www.ikame.org.tr\/?page_id=78","title":{"rendered":"Y\u00f6netim"},"content":{"rendered":"<p>\u0130KAME, \u0130slam \u0130ktisad\u0131 Ara\u015ft\u0131rmalar\u0131 Derne\u011fi (\u0130KT\u0130SAD) b\u00fcnyesinde faaliyet g\u00f6sterdi\u011finden, y\u00f6netimi de\u00a0\u0130KT\u0130SAD derne\u011fi idaresince ger\u00e7ekle\u015ftirilmektedir.<\/p>\n<p>\u0130KAME ve \u0130KT\u0130SAD\u2019\u0131n hi\u00e7bir siyasi, ideolojik yap\u0131 ile, dini\u00a0cemaat ve tarikatla do\u011frudan veya dolayl\u0131 bir ba\u011f\u0131 yoktur.<\/p>\n<p>\u0130KAME ve \u0130KT\u0130SAD b\u00fct\u00fcn faaliyetlerinde temel ilke olarak\u00a0Kuran-\u0131 Kerim ve Sahih S\u00fcnnet merkezli\u00a0dini yakla\u015f\u0131m\u0131 ve objektif nitelikli akademik bak\u0131\u015f a\u00e7\u0131s\u0131n\u0131\u00a0\u00f6l\u00e7\u00fc al\u0131r.<\/p>\n<p>\u0130KT\u0130SAD Y\u00f6netim Kurulu i\u00e7in bak\u0131n\u0131z:\u00a0\u00a0\u00a0 http:\/\/www.iktisad.org.tr\/category\/kurumsal\/yonetim-kurulu\/<\/p>\n<p>&nbsp;<\/p>\n","protected":false},"excerpt":{"rendered":"<p>\u0130KAME, \u0130slam \u0130ktisad\u0131 Ara\u015ft\u0131rmalar\u0131 Derne\u011fi (\u0130KT\u0130SAD) b\u00fcnyesinde faaliyet g\u00f6sterdi\u011finden, y\u00f6netimi de\u00a0\u0130KT\u0130SAD derne\u011fi idaresince ger\u00e7ekle\u015ftirilmektedir. \u0130KAME ve \u0130KT\u0130SAD\u2019\u0131n hi\u00e7bir siyasi, ideolojik<\/p>\n","protected":false},"author":1,"featured_media":0,"parent":0,"menu_order":0,"comment_status":"closed","ping_status":"closed","template":"","meta":{"footnotes":""},"class_list":["post-78","page","type-page","status-publish","hentry"],"_links":{"self":[{"href":"https:\/\/www.ikame.org.tr\/index.php?rest_route=\/wp\/v2\/pages\/78","targetHints":{"allow":["GET"]}}],"collection":[{"href":"https:\/\/www.ikame.org.tr\/index.php?rest_route=\/wp\/v2\/pages"}],"about":[{"href":"https:\/\/www.ikame.org.tr\/index.php?rest_route=\/wp\/v2\/types\/page"}],"author":[{"embeddable":true,"href":"https:\/\/www.ikame.org.tr\/index.php?rest_route=\/wp\/v2\/users\/1"}],"replies":[{"embeddable":true,"href":"https:\/\/www.ikame.org.tr\/index.php?rest_route=%2Fwp%2Fv2%2Fcomments&post=78"}],"version-history":[{"count":5,"href":"https:\/\/www.ikame.org.tr\/index.php?rest_route=\/wp\/v2\/pages\/78\/revisions"}],"predecessor-version":[{"id":316,"href":"https:\/\/www.ikame.org.tr\/index.php?rest_route=\/wp\/v2\/pages\/78\/revisions\/316"}],"wp:attachment":[{"href":"https:\/\/www.ikame.org.tr\/index.php?rest_route=%2Fwp%2Fv2%2Fmedia&parent=78"}],"curies":[{"name":"wp","href":"https:\/\/api.w.org\/{rel}","templated":true}]}}