{"id":76,"date":"2018-07-21T13:21:31","date_gmt":"2018-07-21T10:21:31","guid":{"rendered":"http:\/\/www.ikame.org.tr\/test\/?page_id=76"},"modified":"2018-08-12T15:28:10","modified_gmt":"2018-08-12T12:28:10","slug":"hakkimizda","status":"publish","type":"page","link":"https:\/\/www.ikame.org.tr\/?page_id=76","title":{"rendered":"Hakk\u0131m\u0131zda"},"content":{"rendered":"<p>\u0130KAME, \u0130slam \u0130ktisad\u0131 Ara\u015ft\u0131rmalar\u0131 Derne\u011fi (\u0130KT\u0130SAD) \u00e7at\u0131s\u0131 alt\u0131nda faaliyet g\u00f6stermektedir.<\/p>\n<p>\u0130KAME,\u00a0\u0130lahiyat ve\u00a0Sosyal bilimler a\u011f\u0131rl\u0131kl\u0131 fak\u00fcltelerde okuyan \u00f6\u011frencilere bar\u0131nma ve derslerini takviye ama\u00e7l\u0131 seminer imk\u00e2n\u0131 sunmaktad\u0131r.<\/p>\n<p>\u0130KAME,\u00a0\u0130slami ilimlerde klasik ve modern metotlar\u0131 birle\u015ftirerek, her iki metotla yaz\u0131lm\u0131\u015f kaynaklar\u0131 rahatl\u0131kla\u00a0okuyup anlayacak ilahiyat\u00e7\u0131lar yeti\u015ftirme\u011fi\u00a0ama\u00e7lamaktad\u0131r.<\/p>\n<p>\u0130KAME b\u00fcnyesinde ger\u00e7ekle\u015ftirilen bu seminer programlar\u0131 30 y\u0131ll\u0131k bir tecr\u00fcbe ve birikime dayanmaktad\u0131r.<\/p>\n<p>\u0130KAME sundu\u011fu seminerlerle, \u00f6\u011frencilerin\u00a0ilmi\u00a0d\u00fczeyde kaliteli ara\u015ft\u0131rmalar yapabilecek alt yap\u0131ya ula\u015fmalar\u0131na katk\u0131 sa\u011flamakta,\u00a0mezuniyet sonras\u0131 akademiye intisaplar\u0131na zemin haz\u0131rlamaktad\u0131r.<\/p>\n<p>\u0130KAME b\u00fcnyesinde\u00a0\u0130lahiyat \u00f6\u011frencilerine seminerler d\u00fczenlenmekte,\u00a0\u0130ktisat-\u0130\u015fletme ve Hukuk\u00a0b\u00f6l\u00fcm\u00fc \u00f6\u011frencilerine y\u00f6nelik ise seminerler planlanmaktad\u0131r.<\/p>\n<p>\u0130lahiyat seminerlerinde klasik ve modern kaynaklardan Arap dilinden Sarf, Nahiv, Metin okuma, Pratik Arap\u00e7a ve\u00a0Bela\u011fat, di\u011fer bran\u015flardan ise Kur\u2019an-\u0131 Kerim meali, Tefsir, Tefsir Usul\u00fc, Hadis, Hadis Usul\u00fc, F\u0131k\u0131h, F\u0131k\u0131h Usul\u00fc, Kelam, Mant\u0131k vb. dersler okutulmaktad\u0131r.<\/p>\n<p>\u0130ktisat-\u0130\u015fletme ve Hukuk\u00a0fak\u00fcltelerinde okuyan \u00f6\u011frencilere y\u00f6nelik \u0130slam \u0130ktisad\u0131 ve Finans\u0131 seminerleri uygulanmaktad\u0131r.<\/p>\n<p>Bu seminerlerde Kur\u2019an-\u0131 Kerim meali, Tefsir, F\u0131k\u0131h, Hadis, \u0130slam \u0130ktisat D\u00fc\u015f\u00fcncesi, \u0130slam \u0130ktisat Tarihi, \u0130slam Muamelat Hukuku, \u00c7a\u011fda\u015f Faizsiz Bankac\u0131l\u0131k, \u0130slami Sigortac\u0131l\u0131k, \u00c7a\u011fda\u015f Faizsiz Finansal \u00dcr\u00fcnler, Konvansiyonel \u0130ktisat D\u00fc\u015f\u00fcncesi, Mukayeseli \u0130ktisadi Sistemler vb. programlar uygulanacakt\u0131r.<\/p>\n<p>Arap\u00e7a seminerler \u00f6zellikle aslen Arap olan yahut Arap \u00fclkelerinde uzun s\u00fcre kalm\u0131\u015f olan uzman hocalar taraf\u0131ndan verilmektedir.<\/p>\n<p>Arap\u00e7a d\u0131\u015f\u0131ndaki\u00a0seminerler ise alan\u0131nda uzman akademisyenlerce sunulmaktad\u0131r.<\/p>\n<p>\u0130KAME seminerlerinde\u00a0temel hedef \u00f6\u011frencilerin Fak\u00fcltelerindeki derslerinde ba\u015far\u0131 d\u00fczeylerini art\u0131rmak ve onlar\u0131 hayata ve akademiye haz\u0131rlamakt\u0131r.<\/p>\n<p>\u0130KAME seminerleri \u00f6\u011frencilerin Fak\u00fcltelerindeki programlar\u0131 dikkate al\u0131narak haz\u0131rlanmakta ve\u00a0hafta i\u00e7i uygulanmaktad\u0131r.<\/p>\n<p>\u0130KAME&#8217;nin hi\u00e7bir siyasi veya ideolojik yap\u0131, cemaat ve tarikatla do\u011frudan veya dolayl\u0131 bir ba\u011f\u0131 yoktur.<\/p>\n<p>\u0130KAME b\u00fct\u00fcn faaliyetlerinde kendisine Kuran-\u0131 Kerim ve Sahih S\u00fcnnet merkezli dini yakla\u015f\u0131m\u0131 ve objektif nitelikli akademik bak\u0131\u015f a\u00e7\u0131s\u0131n\u0131 \u00f6l\u00e7\u00fc al\u0131r.<\/p>\n<p>\u0130KAME s\u0131n\u0131rl\u0131 say\u0131daki \u00f6\u011frenciye \u0130stanbul \u0130lahiyat Fak\u00fcltesine 300 metre mesafede bulunan, Fatih K\u0131zta\u015f\u0131\u2019ndaki \u00fc\u00e7 dairesinde bar\u0131nma imk\u00e2n\u0131 da sunmaktad\u0131r.<\/p>\n<p>&nbsp;<\/p>\n","protected":false},"excerpt":{"rendered":"<p>\u0130KAME, \u0130slam \u0130ktisad\u0131 Ara\u015ft\u0131rmalar\u0131 Derne\u011fi (\u0130KT\u0130SAD) \u00e7at\u0131s\u0131 alt\u0131nda faaliyet g\u00f6stermektedir. \u0130KAME,\u00a0\u0130lahiyat ve\u00a0Sosyal bilimler a\u011f\u0131rl\u0131kl\u0131 fak\u00fcltelerde okuyan \u00f6\u011frencilere bar\u0131nma ve derslerini<\/p>\n","protected":false},"author":1,"featured_media":152,"parent":0,"menu_order":0,"comment_status":"closed","ping_status":"closed","template":"","meta":{"footnotes":""},"class_list":["post-76","page","type-page","status-publish","has-post-thumbnail","hentry"],"_links":{"self":[{"href":"https:\/\/www.ikame.org.tr\/index.php?rest_route=\/wp\/v2\/pages\/76","targetHints":{"allow":["GET"]}}],"collection":[{"href":"https:\/\/www.ikame.org.tr\/index.php?rest_route=\/wp\/v2\/pages"}],"about":[{"href":"https:\/\/www.ikame.org.tr\/index.php?rest_route=\/wp\/v2\/types\/page"}],"author":[{"embeddable":true,"href":"https:\/\/www.ikame.org.tr\/index.php?rest_route=\/wp\/v2\/users\/1"}],"replies":[{"embeddable":true,"href":"https:\/\/www.ikame.org.tr\/index.php?rest_route=%2Fwp%2Fv2%2Fcomments&post=76"}],"version-history":[{"count":7,"href":"https:\/\/www.ikame.org.tr\/index.php?rest_route=\/wp\/v2\/pages\/76\/revisions"}],"predecessor-version":[{"id":384,"href":"https:\/\/www.ikame.org.tr\/index.php?rest_route=\/wp\/v2\/pages\/76\/revisions\/384"}],"wp:featuredmedia":[{"embeddable":true,"href":"https:\/\/www.ikame.org.tr\/index.php?rest_route=\/wp\/v2\/media\/152"}],"wp:attachment":[{"href":"https:\/\/www.ikame.org.tr\/index.php?rest_route=%2Fwp%2Fv2%2Fmedia&parent=76"}],"curies":[{"name":"wp","href":"https:\/\/api.w.org\/{rel}","templated":true}]}}