{"id":54,"date":"2018-07-19T16:35:40","date_gmt":"2018-07-19T13:35:40","guid":{"rendered":"http:\/\/server2:8080\/ikame\/?page_id=54"},"modified":"2018-07-23T00:10:24","modified_gmt":"2018-07-22T21:10:24","slug":"bize-ulasin","status":"publish","type":"page","link":"https:\/\/www.ikame.org.tr\/?page_id=54","title":{"rendered":"Bize ula\u015f\u0131n"},"content":{"rendered":"<p>Adres: K\u0131zta\u015f\u0131 Caddesi \u0130skenderpa\u015fa Mh. No: 9\/2 Fatih\/\u0130stanbul<\/p>\n<p>Telefon: 0212 533 00 32<\/p>\n<p>Gsm: 0553 663 84 93<\/p>\n<p>E-Posta: islamiktisad@gmail.com<\/p>\n<p><iframe loading=\"lazy\" style=\"border: 0;\" src=\"https:\/\/www.google.com\/maps\/embed?pb=!1m18!1m12!1m3!1d1453.9381953544284!2d28.94934753375052!3d41.01603169111321!2m3!1f0!2f0!3f0!3m2!1i1024!2i768!4f13.1!3m3!1m2!1s0x14caba272f43b499%3A0x7f325128f591a5a9!2zS8SxenRhxZ_EsQ!5e0!3m2!1str!2str!4v1532293520440\" width=\"400\" height=\"300\" frameborder=\"0\" allowfullscreen=\"allowfullscreen\"><\/iframe><\/p>\n<p>&nbsp;<\/p>\n<p>&nbsp;<\/p>\n<p>&nbsp;<\/p>\n","protected":false},"excerpt":{"rendered":"<p>Adres: K\u0131zta\u015f\u0131 Caddesi \u0130skenderpa\u015fa Mh. No: 9\/2 Fatih\/\u0130stanbul Telefon: 0212 533 00 32 Gsm: 0553 663 84 93 E-Posta: islamiktisad@gmail.com<\/p>\n","protected":false},"author":1,"featured_media":0,"parent":0,"menu_order":0,"comment_status":"closed","ping_status":"closed","template":"page-templates\/contact.php","meta":{"footnotes":""},"class_list":["post-54","page","type-page","status-publish","hentry"],"_links":{"self":[{"href":"https:\/\/www.ikame.org.tr\/index.php?rest_route=\/wp\/v2\/pages\/54","targetHints":{"allow":["GET"]}}],"collection":[{"href":"https:\/\/www.ikame.org.tr\/index.php?rest_route=\/wp\/v2\/pages"}],"about":[{"href":"https:\/\/www.ikame.org.tr\/index.php?rest_route=\/wp\/v2\/types\/page"}],"author":[{"embeddable":true,"href":"https:\/\/www.ikame.org.tr\/index.php?rest_route=\/wp\/v2\/users\/1"}],"replies":[{"embeddable":true,"href":"https:\/\/www.ikame.org.tr\/index.php?rest_route=%2Fwp%2Fv2%2Fcomments&post=54"}],"version-history":[{"count":10,"href":"https:\/\/www.ikame.org.tr\/index.php?rest_route=\/wp\/v2\/pages\/54\/revisions"}],"predecessor-version":[{"id":178,"href":"https:\/\/www.ikame.org.tr\/index.php?rest_route=\/wp\/v2\/pages\/54\/revisions\/178"}],"wp:attachment":[{"href":"https:\/\/www.ikame.org.tr\/index.php?rest_route=%2Fwp%2Fv2%2Fmedia&parent=54"}],"curies":[{"name":"wp","href":"https:\/\/api.w.org\/{rel}","templated":true}]}}